{"id":1134,"date":"2026-01-26T10:47:46","date_gmt":"2026-01-26T08:47:46","guid":{"rendered":"https:\/\/learning-gate.fr\/labels\/?page_id=1134"},"modified":"2026-04-10T15:57:27","modified_gmt":"2026-04-10T13:57:27","slug":"catalogue-market-place","status":"publish","type":"page","link":"https:\/\/learning-gate.fr\/labels\/catalogue-market-place\/","title":{"rendered":"catalogue market place"},"content":{"rendered":"<p>[et_pb_section fb_built=\u00a0\u00bb1&Prime; _builder_version=\u00a0\u00bb4.27.5&Prime; _module_preset=\u00a0\u00bbdefault\u00a0\u00bb da_disable_devices=\u00a0\u00bboff|off|off\u00a0\u00bb global_colors_info=\u00a0\u00bb{}\u00a0\u00bb da_is_popup=\u00a0\u00bboff\u00a0\u00bb da_exit_intent=\u00a0\u00bboff\u00a0\u00bb da_has_close=\u00a0\u00bbon\u00a0\u00bb da_alt_close=\u00a0\u00bboff\u00a0\u00bb da_dark_close=\u00a0\u00bboff\u00a0\u00bb da_not_modal=\u00a0\u00bbon\u00a0\u00bb da_is_singular=\u00a0\u00bboff\u00a0\u00bb da_with_loader=\u00a0\u00bboff\u00a0\u00bb da_has_shadow=\u00a0\u00bbon\u00a0\u00bb][et_pb_row _builder_version=\u00a0\u00bb4.27.5&Prime; _module_preset=\u00a0\u00bbdefault\u00a0\u00bb global_colors_info=\u00a0\u00bb{}\u00a0\u00bb][et_pb_column type=\u00a0\u00bb4_4&Prime; _builder_version=\u00a0\u00bb4.27.5&Prime; _module_preset=\u00a0\u00bbdefault\u00a0\u00bb global_colors_info=\u00a0\u00bb{}\u00a0\u00bb][et_pb_text _builder_version=\u00a0\u00bb4.27.6&Prime; _module_preset=\u00a0\u00bbdefault\u00a0\u00bb text_font=\u00a0\u00bb&#8211;et_global_heading_font||||||||\u00a0\u00bb text_text_color=\u00a0\u00bb#2C4F28&Prime; text_font_size=\u00a0\u00bb21px\u00a0\u00bb hover_enabled=\u00a0\u00bb0&Prime; sticky_enabled=\u00a0\u00bb0&Prime;]<\/p>\n<p style=\"text-align: center;\"><strong>MarketPlace en cours de construction, lancement officiel en Septembre 2026<\/strong><\/p>\n<p>[\/et_pb_text][et_pb_code _builder_version=\u00a0\u00bb4.27.6&Prime; _module_preset=\u00a0\u00bbdefault\u00a0\u00bb global_colors_info=\u00a0\u00bb{}\u00a0\u00bb]    <div class=\"lgm-wrapper\">\n\n        <!-- ===== BARRE DE FILTRES ===== -->\n        <form class=\"lgm-filters\" id=\"lgm-filters\" aria-label=\"Filtrer les outils\">\n\n            <div class=\"lgm-filters-row\">\n\n                <div class=\"lgm-filter-group lgm-filter-search\">\n                    <label for=\"lgm-search\" class=\"lgm-label\">Rechercher<\/label>\n                    <input type=\"text\" id=\"lgm-search\" name=\"s\" class=\"lgm-input\"\n                           placeholder=\"Nom, mot-cl\u00e9\u2026\" autocomplete=\"off\">\n                <\/div>\n\n                                <div class=\"lgm-filter-group\">\n                    <label for=\"lgm-mp_categorie\" class=\"lgm-label\">Axe de responsabilit\u00e9<\/label>\n                    <select id=\"lgm-mp_categorie\" name=\"mp_categorie\" class=\"lgm-select\">\n                        <option value=\"\">Tous<\/option>\n                                                    <option value=\"eco-conception\">\u00c9co-conception<\/option>\n                                                    <option value=\"ia-responsable\">IA responsable<\/option>\n                                                    <option value=\"sobriete-numerique\">Sobri\u00e9t\u00e9 num\u00e9rique<\/option>\n                                                    <option value=\"souverain\">Souverain (fran\u00e7ais, h\u00e9berg\u00e9 en France)<\/option>\n                                            <\/select>\n                <\/div>\n                                <div class=\"lgm-filter-group\">\n                    <label for=\"lgm-mp_type_outil\" class=\"lgm-label\">Type d&#039;outil<\/label>\n                    <select id=\"lgm-mp_type_outil\" name=\"mp_type_outil\" class=\"lgm-select\">\n                        <option value=\"\">Tous<\/option>\n                                                    <option value=\"accessibilite\">Accessibilit\u00e9<\/option>\n                                                    <option value=\"autre\">Autre<\/option>\n                                                    <option value=\"classe-virtuelle\">Classe virtuelle<\/option>\n                                                    <option value=\"compression\">Compression<\/option>\n                                                    <option value=\"lms\">LMS<\/option>\n                                                    <option value=\"outil-auteur\">Outil auteur<\/option>\n                                                    <option value=\"sobriete-num-outil\">Solution de sobri\u00e9t\u00e9 num\u00e9rique<\/option>\n                                                    <option value=\"solution-ia\">Solution IA<\/option>\n                                            <\/select>\n                <\/div>\n                                <div class=\"lgm-filter-group\">\n                    <label for=\"lgm-mp_public\" class=\"lgm-label\">Public cible<\/label>\n                    <select id=\"lgm-mp_public\" name=\"mp_public\" class=\"lgm-select\">\n                        <option value=\"\">Tous<\/option>\n                                                    <option value=\"cfa\">CFA<\/option>\n                                                    <option value=\"drh\">DRH<\/option>\n                                                    <option value=\"entreprises\">Entreprises<\/option>\n                                                    <option value=\"independants\">Ind\u00e9pendants<\/option>\n                                                    <option value=\"it\">IT<\/option>\n                                                    <option value=\"of\">OF<\/option>\n                                            <\/select>\n                <\/div>\n                \n                <div class=\"lgm-filter-group lgm-filter-actions\">\n                    <button type=\"submit\" class=\"lgm-btn-search\">Filtrer<\/button>\n                    <button type=\"reset\" class=\"lgm-btn-reset\" id=\"lgm-reset\">R\u00e9initialiser<\/button>\n                <\/div>\n            <\/div>\n        <\/form>\n\n        <!-- ===== COMPTEUR R\u00c9SULTATS ===== -->\n        <div class=\"lgm-results-meta\" id=\"lgm-results-meta\" aria-live=\"polite\"><\/div>\n\n        <!-- ===== GRILLE DE R\u00c9SULTATS ===== -->\n        <div class=\"lgm-grid\" id=\"lgm-grid\" role=\"region\" aria-label=\"R\u00e9sultats\">\n            <div class=\"lgm-loader\" id=\"lgm-loader\">\n                <span class=\"lgm-spinner\"><\/span> Chargement\u2026\n            <\/div>\n        <\/div>\n\n        <!-- ===== \u00c9TAT VIDE ===== -->\n        <div class=\"lgm-empty\" id=\"lgm-empty\" style=\"display:none;\" role=\"status\">\n            <div class=\"lgm-empty-icon\">\ud83d\udd0d<\/div>\n            <h3>Aucun outil ne correspond \u00e0 vos crit\u00e8res<\/h3>\n            <p>Essayez d'\u00e9largir votre recherche ou de modifier les filtres.<\/p>\n        <\/div>\n\n    <\/div>\n    [\/et_pb_code][\/et_pb_column][\/et_pb_row][\/et_pb_section]<\/p>\n","protected":false},"excerpt":{"rendered":"<p>MarketPlace en cours de construction, lancement officiel en Septembre 2026    <div class=\"lgm-wrapper\">\n\n        <!-- ===== BARRE DE FILTRES ===== -->\n        <form class=\"lgm-filters\" id=\"lgm-filters\" aria-label=\"Filtrer les outils\">\n\n            <div class=\"lgm-filters-row\">\n\n                <div class=\"lgm-filter-group lgm-filter-search\">\n                    <label for=\"lgm-search\" class=\"lgm-label\">Rechercher<\/label>\n                    <input type=\"text\" id=\"lgm-search\" name=\"s\" class=\"lgm-input\"\n                           placeholder=\"Nom, mot-cl\u00e9\u2026\" autocomplete=\"off\">\n                <\/div>\n\n                                <div class=\"lgm-filter-group\">\n                    <label for=\"lgm-mp_categorie\" class=\"lgm-label\">Axe de responsabilit\u00e9<\/label>\n                    <select id=\"lgm-mp_categorie\" name=\"mp_categorie\" class=\"lgm-select\">\n                        <option value=\"\">Tous<\/option>\n                                                    <option value=\"eco-conception\">\u00c9co-conception<\/option>\n                                                    <option value=\"ia-responsable\">IA responsable<\/option>\n                                                    <option value=\"sobriete-numerique\">Sobri\u00e9t\u00e9 num\u00e9rique<\/option>\n                                                    <option value=\"souverain\">Souverain (fran\u00e7ais, h\u00e9berg\u00e9 en France)<\/option>\n                                            <\/select>\n                <\/div>\n                                <div class=\"lgm-filter-group\">\n                    <label for=\"lgm-mp_type_outil\" class=\"lgm-label\">Type d&#039;outil<\/label>\n                    <select id=\"lgm-mp_type_outil\" name=\"mp_type_outil\" class=\"lgm-select\">\n                        <option value=\"\">Tous<\/option>\n                                                    <option value=\"accessibilite\">Accessibilit\u00e9<\/option>\n                                                    <option value=\"autre\">Autre<\/option>\n                                                    <option value=\"classe-virtuelle\">Classe virtuelle<\/option>\n                                                    <option value=\"compression\">Compression<\/option>\n                                                    <option value=\"lms\">LMS<\/option>\n                                                    <option value=\"outil-auteur\">Outil auteur<\/option>\n                                                    <option value=\"sobriete-num-outil\">Solution de sobri\u00e9t\u00e9 num\u00e9rique<\/option>\n                                                    <option value=\"solution-ia\">Solution IA<\/option>\n                                            <\/select>\n                <\/div>\n                                <div class=\"lgm-filter-group\">\n                    <label for=\"lgm-mp_public\" class=\"lgm-label\">Public cible<\/label>\n                    <select id=\"lgm-mp_public\" name=\"mp_public\" class=\"lgm-select\">\n                        <option value=\"\">Tous<\/option>\n                                                    <option value=\"cfa\">CFA<\/option>\n                                                    <option value=\"drh\">DRH<\/option>\n                                                    <option value=\"entreprises\">Entreprises<\/option>\n                                                    <option value=\"independants\">Ind\u00e9pendants<\/option>\n                                                    <option value=\"it\">IT<\/option>\n                                                    <option value=\"of\">OF<\/option>\n                                            <\/select>\n                <\/div>\n                \n                <div class=\"lgm-filter-group lgm-filter-actions\">\n                    <button type=\"submit\" class=\"lgm-btn-search\">Filtrer<\/button>\n                    <button type=\"reset\" class=\"lgm-btn-reset\" id=\"lgm-reset\">R\u00e9initialiser<\/button>\n                <\/div>\n            <\/div>\n        <\/form>\n\n        <!-- ===== COMPTEUR R\u00c9SULTATS ===== -->\n        <div class=\"lgm-results-meta\" id=\"lgm-results-meta\" aria-live=\"polite\"><\/div>\n\n        <!-- ===== GRILLE DE R\u00c9SULTATS ===== -->\n        <div class=\"lgm-grid\" id=\"lgm-grid\" role=\"region\" aria-label=\"R\u00e9sultats\">\n            <div class=\"lgm-loader\" id=\"lgm-loader\">\n                <span class=\"lgm-spinner\"><\/span> Chargement\u2026\n            <\/div>\n        <\/div>\n\n        <!-- ===== \u00c9TAT VIDE ===== -->\n        <div class=\"lgm-empty\" id=\"lgm-empty\" style=\"display:none;\" role=\"status\">\n            <div class=\"lgm-empty-icon\">\ud83d\udd0d<\/div>\n            <h3>Aucun outil ne correspond \u00e0 vos crit\u00e8res<\/h3>\n            <p>Essayez d'\u00e9largir votre recherche ou de modifier les filtres.<\/p>\n        <\/div>\n\n    <\/div>\n    <\/p>\n","protected":false},"author":1,"featured_media":0,"parent":0,"menu_order":0,"comment_status":"closed","ping_status":"closed","template":"","meta":{"_acf_changed":false,"_et_pb_use_builder":"on","_et_pb_old_content":"","_et_gb_content_width":"","footnotes":""},"class_list":["post-1134","page","type-page","status-publish","hentry"],"acf":[],"_links":{"self":[{"href":"https:\/\/learning-gate.fr\/labels\/wp-json\/wp\/v2\/pages\/1134","targetHints":{"allow":["GET"]}}],"collection":[{"href":"https:\/\/learning-gate.fr\/labels\/wp-json\/wp\/v2\/pages"}],"about":[{"href":"https:\/\/learning-gate.fr\/labels\/wp-json\/wp\/v2\/types\/page"}],"author":[{"embeddable":true,"href":"https:\/\/learning-gate.fr\/labels\/wp-json\/wp\/v2\/users\/1"}],"replies":[{"embeddable":true,"href":"https:\/\/learning-gate.fr\/labels\/wp-json\/wp\/v2\/comments?post=1134"}],"version-history":[{"count":5,"href":"https:\/\/learning-gate.fr\/labels\/wp-json\/wp\/v2\/pages\/1134\/revisions"}],"predecessor-version":[{"id":1549,"href":"https:\/\/learning-gate.fr\/labels\/wp-json\/wp\/v2\/pages\/1134\/revisions\/1549"}],"wp:attachment":[{"href":"https:\/\/learning-gate.fr\/labels\/wp-json\/wp\/v2\/media?parent=1134"}],"curies":[{"name":"wp","href":"https:\/\/api.w.org\/{rel}","templated":true}]}}